{"id":2023,"date":"2025-07-07T13:46:59","date_gmt":"2025-07-07T13:46:59","guid":{"rendered":"https:\/\/indianflavouralhaurin.com\/?page_id=2023"},"modified":"2025-12-14T09:11:40","modified_gmt":"2025-12-14T08:11:40","slug":"about-us-indian-flavour","status":"publish","type":"page","link":"https:\/\/www.indianflavouralhaurin.com\/nl\/about-us-indian-flavour\/","title":{"rendered":"Over ons Indiase smaak"},"content":{"rendered":"<div data-elementor-type=\"wp-page\" data-elementor-id=\"2023\" class=\"elementor elementor-2023\" data-elementor-post-type=\"page\">\n\t\t\t\t\t\t<section class=\"elementor-section elementor-top-section elementor-element elementor-element-41acfff elementor-section-height-min-height elementor-section-boxed elementor-section-height-default elementor-section-items-middle\" data-id=\"41acfff\" data-element_type=\"section\" data-e-type=\"section\" data-settings=\"{&quot;background_background&quot;:&quot;classic&quot;}\">\n\t\t\t\t\t\t\t<div class=\"elementor-background-overlay\"><\/div>\n\t\t\t\t\t\t\t<div class=\"elementor-container elementor-column-gap-default\">\n\t\t\t\t\t<div class=\"elementor-column elementor-col-100 elementor-top-column elementor-element elementor-element-c78901e\" data-id=\"c78901e\" data-element_type=\"column\" data-e-type=\"column\">\n\t\t\t<div class=\"elementor-widget-wrap elementor-element-populated\">\n\t\t\t\t\t\t<div class=\"elementor-element elementor-element-9a043be elementor-widget elementor-widget-heading\" data-id=\"9a043be\" data-element_type=\"widget\" data-e-type=\"widget\" data-widget_type=\"heading.default\">\n\t\t\t\t<div class=\"elementor-widget-container\">\n\t\t\t\t\t<h2 class=\"elementor-heading-title elementor-size-default\">ONS<\/h2>\t\t\t\t<\/div>\n\t\t\t\t<\/div>\n\t\t\t\t\t<\/div>\n\t\t<\/div>\n\t\t\t\t\t<\/div>\n\t\t<\/section>\n\t\t\t\t<section class=\"elementor-section elementor-top-section elementor-element elementor-element-6dc57ac elementor-section-boxed elementor-section-height-default elementor-section-height-default\" data-id=\"6dc57ac\" data-element_type=\"section\" data-e-type=\"section\">\n\t\t\t\t\t\t<div class=\"elementor-container elementor-column-gap-default\">\n\t\t\t\t\t<div class=\"elementor-column elementor-col-50 elementor-top-column elementor-element elementor-element-1551f42\" data-id=\"1551f42\" data-element_type=\"column\" data-e-type=\"column\">\n\t\t\t<div class=\"elementor-widget-wrap elementor-element-populated\">\n\t\t\t\t\t\t<div class=\"elementor-element elementor-element-36bc61e elementor-widget elementor-widget-heading\" data-id=\"36bc61e\" data-element_type=\"widget\" data-e-type=\"widget\" data-widget_type=\"heading.default\">\n\t\t\t\t<div class=\"elementor-widget-container\">\n\t\t\t\t\t<h5 class=\"elementor-heading-title elementor-size-default\">Ons verhaal<\/h5>\t\t\t\t<\/div>\n\t\t\t\t<\/div>\n\t\t\t\t<div class=\"elementor-element elementor-element-15b72a59 elementor-widget elementor-widget-heading\" data-id=\"15b72a59\" data-element_type=\"widget\" data-e-type=\"widget\" data-widget_type=\"heading.default\">\n\t\t\t\t<div class=\"elementor-widget-container\">\n\t\t\t\t\t<h2 class=\"elementor-heading-title elementor-size-default\">Meer dan 15 jaar passie voor authentieke Indiase keuken<\/h2>\t\t\t\t<\/div>\n\t\t\t\t<\/div>\n\t\t\t\t<div class=\"elementor-element elementor-element-2749a475 animated-slow elementor-invisible elementor-widget elementor-widget-image\" data-id=\"2749a475\" data-element_type=\"widget\" data-e-type=\"widget\" data-settings=\"{&quot;_animation&quot;:&quot;fadeIn&quot;}\" data-widget_type=\"image.default\">\n\t\t\t\t<div class=\"elementor-widget-container\">\n\t\t\t\t\t\t\t\t\t\t\t\t\t\t\t<img decoding=\"async\" src=\"https:\/\/www.indianflavouralhaurin.com\/wp-content\/uploads\/elementor\/thumbs\/IMG_8099-scaled-r6uz4hl7p7re64yoxsbpjk8bfp7xc6ycue68zxcl7c.jpg\" title=\"IMG_8099\" alt=\"IMG_8099\" class=\"elementor-animation-float\" loading=\"lazy\" \/>\t\t\t\t\t\t\t\t\t\t\t\t\t\t\t<\/div>\n\t\t\t\t<\/div>\n\t\t\t\t<section class=\"elementor-section elementor-inner-section elementor-element elementor-element-5231f753 elementor-section-content-middle elementor-section-boxed elementor-section-height-default elementor-section-height-default\" data-id=\"5231f753\" data-element_type=\"section\" data-e-type=\"section\">\n\t\t\t\t\t\t<div class=\"elementor-container elementor-column-gap-no\">\n\t\t\t\t\t<div class=\"elementor-column elementor-col-100 elementor-inner-column elementor-element elementor-element-d07e390\" data-id=\"d07e390\" data-element_type=\"column\" data-e-type=\"column\">\n\t\t\t<div class=\"elementor-widget-wrap elementor-element-populated\">\n\t\t\t\t\t\t<div class=\"elementor-element elementor-element-c8a9f24 elementor-widget elementor-widget-text-editor\" data-id=\"c8a9f24\" data-element_type=\"widget\" data-e-type=\"widget\" data-widget_type=\"text-editor.default\">\n\t\t\t\t<div class=\"elementor-widget-container\">\n\t\t\t\t\t\t\t\t\t<p data-start=\"214\" data-end=\"582\">Bij Indian Flavour delen we al meer dan 15 jaar de ware smaak van de authentieke Indiase keuken in een warme en gastvrije sfeer. Ons Indiase restaurant is ontstaan uit de wens om traditionele smaken op tafel te brengen \u2013 met huisgemaakte recepten, natuurlijke kruiden en het diepe, rijke karakter dat het culinaire erfgoed van zowel Noord- als Zuid-India kenmerkt.<\/p><p data-start=\"584\" data-end=\"976\">Elk gerecht bij Indian Flavour is ge\u00efnspireerd op onze roots. Van aromatische curry&#039;s tot langzaam gegaarde tandoorispecialiteiten, we streven ernaar om van elke hap een reis rechtstreeks naar het hart van India te maken. Of u nu geniet van een romantisch diner, een etentje met vrienden of een speciale gelegenheid, ons team zet zich in om een unieke eetervaring te bieden vol traditie, smaak en oprechte gastvrijheid.<\/p><p data-start=\"978\" data-end=\"1239\">Door de jaren heen zijn we uitgegroeid tot een vertrouwde bestemming voor liefhebbers van Indiaas eten, dankzij de loyaliteit van onze klanten en onze dagelijkse inzet voor kwaliteit. Ben je op zoek naar een plek om te genieten van echt authentiek Indiaas eten? Dan is Indian Flavour jouw plek.<\/p><p data-start=\"1241\" data-end=\"1342\">Bedankt dat u deel uitmaakte van deze reis, een reis vol aroma&#039;s, kruiden en een diepe liefde voor lekker eten.<\/p>\t\t\t\t\t\t\t\t<\/div>\n\t\t\t\t<\/div>\n\t\t\t\t\t<\/div>\n\t\t<\/div>\n\t\t\t\t\t<\/div>\n\t\t<\/section>\n\t\t\t\t\t<\/div>\n\t\t<\/div>\n\t\t\t\t<div class=\"elementor-column elementor-col-50 elementor-top-column elementor-element elementor-element-585bfff2\" data-id=\"585bfff2\" data-element_type=\"column\" data-e-type=\"column\">\n\t\t\t<div class=\"elementor-widget-wrap elementor-element-populated\">\n\t\t\t\t\t\t<section class=\"elementor-section elementor-inner-section elementor-element elementor-element-6f2a07a0 elementor-section-boxed elementor-section-height-default elementor-section-height-default\" data-id=\"6f2a07a0\" data-element_type=\"section\" data-e-type=\"section\">\n\t\t\t\t\t\t<div class=\"elementor-container elementor-column-gap-no\">\n\t\t\t\t\t<div class=\"elementor-column elementor-col-100 elementor-inner-column elementor-element elementor-element-37693f64\" data-id=\"37693f64\" data-element_type=\"column\" data-e-type=\"column\">\n\t\t\t<div class=\"elementor-widget-wrap elementor-element-populated\">\n\t\t\t\t\t\t<div class=\"elementor-element elementor-element-d749152 elementor-widget elementor-widget-text-editor\" data-id=\"d749152\" data-element_type=\"widget\" data-e-type=\"widget\" data-widget_type=\"text-editor.default\">\n\t\t\t\t<div class=\"elementor-widget-container\">\n\t\t\t\t\t\t\t\t\t<p>In ons restaurant bieden wij u een gevarieerd menu met voorgerechten, lunches en diners, elke dag beschikbaar<\/p>\t\t\t\t\t\t\t\t<\/div>\n\t\t\t\t<\/div>\n\t\t\t\t<div class=\"elementor-element elementor-element-70b274bc elementor-widget elementor-widget-text-editor\" data-id=\"70b274bc\" data-element_type=\"widget\" data-e-type=\"widget\" data-widget_type=\"text-editor.default\">\n\t\t\t\t<div class=\"elementor-widget-container\">\n\t\t\t\t\t\t\t\t\t<p>Ons restaurant is ontstaan uit een liefde voor de authentieke Indiase keuken en opende meer dan 15 jaar geleden zijn deuren met \u00e9\u00e9n doel: de traditionele smaken van India met de wereld delen. Ge\u00efnspireerd door familierecepten en kruiden rechtstreeks uit het hart van het land, hebben we een ruimte gecre\u00eberd waar elk gerecht een verhaal vertelt. Vandaag de dag koken we nog steeds met dezelfde passie, respect voor traditie en de wens om elke gast een werkelijk unieke eetervaring te bieden.<\/p>\t\t\t\t\t\t\t\t<\/div>\n\t\t\t\t<\/div>\n\t\t\t\t\t<\/div>\n\t\t<\/div>\n\t\t\t\t\t<\/div>\n\t\t<\/section>\n\t\t\t\t<div class=\"elementor-element elementor-element-3adca459 animated-slow elementor-invisible elementor-widget elementor-widget-image\" data-id=\"3adca459\" data-element_type=\"widget\" data-e-type=\"widget\" data-settings=\"{&quot;_animation&quot;:&quot;fadeIn&quot;,&quot;_animation_delay&quot;:800}\" data-widget_type=\"image.default\">\n\t\t\t\t<div class=\"elementor-widget-container\">\n\t\t\t\t\t\t\t\t\t\t\t\t\t\t\t<img decoding=\"async\" src=\"https:\/\/www.indianflavouralhaurin.com\/wp-content\/uploads\/elementor\/thumbs\/IMG-20250516-WA0037-r8esr62m7wz3paqmhc26ujzjvzfxww62n5objabb3s.jpg\" title=\"IMG-20250516-WA0037\" alt=\"IMG-20250516-WA0037\" class=\"elementor-animation-float\" loading=\"lazy\" \/>\t\t\t\t\t\t\t\t\t\t\t\t\t\t\t<\/div>\n\t\t\t\t<\/div>\n\t\t\t\t\t<\/div>\n\t\t<\/div>\n\t\t\t\t\t<\/div>\n\t\t<\/section>\n\t\t\t\t<section class=\"elementor-section elementor-top-section elementor-element elementor-element-4bd7dca elementor-section-full_width elementor-section-content-middle elementor-section-height-default elementor-section-height-default\" data-id=\"4bd7dca\" data-element_type=\"section\" data-e-type=\"section\" data-settings=\"{&quot;background_background&quot;:&quot;classic&quot;}\">\n\t\t\t\t\t\t\t<div class=\"elementor-background-overlay\"><\/div>\n\t\t\t\t\t\t\t<div class=\"elementor-container elementor-column-gap-default\">\n\t\t\t\t\t<div class=\"elementor-column elementor-col-100 elementor-top-column elementor-element elementor-element-0260612\" data-id=\"0260612\" data-element_type=\"column\" data-e-type=\"column\" data-settings=\"{&quot;background_background&quot;:&quot;classic&quot;}\">\n\t\t\t<div class=\"elementor-widget-wrap elementor-element-populated\">\n\t\t\t\t\t<div class=\"elementor-background-overlay\"><\/div>\n\t\t\t\t\t\t<div class=\"elementor-element elementor-element-61c679c e-transform elementor-view-default elementor-invisible elementor-widget elementor-widget-icon\" data-id=\"61c679c\" data-element_type=\"widget\" data-e-type=\"widget\" data-settings=\"{&quot;_transform_rotateZ_effect&quot;:{&quot;unit&quot;:&quot;px&quot;,&quot;size&quot;:180,&quot;sizes&quot;:[]},&quot;_animation&quot;:&quot;fadeInUp&quot;,&quot;_transform_rotateZ_effect_tablet&quot;:{&quot;unit&quot;:&quot;deg&quot;,&quot;size&quot;:&quot;&quot;,&quot;sizes&quot;:[]},&quot;_transform_rotateZ_effect_mobile&quot;:{&quot;unit&quot;:&quot;deg&quot;,&quot;size&quot;:&quot;&quot;,&quot;sizes&quot;:[]}}\" data-widget_type=\"icon.default\">\n\t\t\t\t<div class=\"elementor-widget-container\">\n\t\t\t\t\t\t\t<div class=\"elementor-icon-wrapper\">\n\t\t\t<div class=\"elementor-icon\">\n\t\t\t<i aria-hidden=\"true\" class=\"icon icon-quote\"><\/i>\t\t\t<\/div>\n\t\t<\/div>\n\t\t\t\t\t\t<\/div>\n\t\t\t\t<\/div>\n\t\t\t\t<div class=\"elementor-element elementor-element-d1e4800 elementor-widget elementor-widget-heading\" data-id=\"d1e4800\" data-element_type=\"widget\" data-e-type=\"widget\" data-widget_type=\"heading.default\">\n\t\t\t\t<div class=\"elementor-widget-container\">\n\t\t\t\t\t<h2 class=\"elementor-heading-title elementor-size-default\">Sattvisch voedsel bevordert een lang leven, deugd en helderheid van geest<\/h2>\t\t\t\t<\/div>\n\t\t\t\t<\/div>\n\t\t\t\t<div class=\"elementor-element elementor-element-6e63074 elementor-widget elementor-widget-heading\" data-id=\"6e63074\" data-element_type=\"widget\" data-e-type=\"widget\" data-widget_type=\"heading.default\">\n\t\t\t\t<div class=\"elementor-widget-container\">\n\t\t\t\t\t<h2 class=\"elementor-heading-title elementor-size-default\">Hindoe spreekwoord<\/h2>\t\t\t\t<\/div>\n\t\t\t\t<\/div>\n\t\t\t\t<div class=\"elementor-element elementor-element-9ef6ad3 elementor-align-center elementor-widget elementor-widget-elementskit-button\" data-id=\"9ef6ad3\" data-element_type=\"widget\" data-e-type=\"widget\" data-widget_type=\"elementskit-button.default\">\n\t\t\t\t<div class=\"elementor-widget-container\">\n\t\t\t\t\t<div class=\"ekit-wid-con\" >\t\t<div class=\"ekit-btn-wraper\">\n\t\t\t\t\t\t\t<a href=\"https:\/\/reservation.dish.co\/widget\/hydra-af936465-e3b2-4a19-b4e1-057813e70f80\" class=\"elementskit-btn  whitespace--normal\" id=\"\" target=\"_blank\" rel=\"noopener\">\n\t\t\t\t\tReserveer tafel<i class=\"icon icon-minus\"><\/i>\t\t\t\t<\/a>\n\t\t\t\t\t<\/div>\n        <\/div>\t\t\t\t<\/div>\n\t\t\t\t<\/div>\n\t\t\t\t\t<\/div>\n\t\t<\/div>\n\t\t\t\t\t<\/div>\n\t\t<\/section>\n\t\t\t\t<section class=\"elementor-section elementor-top-section elementor-element elementor-element-2960dd97 elementor-section-boxed elementor-section-height-default elementor-section-height-default\" data-id=\"2960dd97\" data-element_type=\"section\" data-e-type=\"section\">\n\t\t\t\t\t\t<div class=\"elementor-container elementor-column-gap-default\">\n\t\t\t\t\t<div class=\"elementor-column elementor-col-50 elementor-top-column elementor-element elementor-element-2fd6150\" data-id=\"2fd6150\" data-element_type=\"column\" data-e-type=\"column\">\n\t\t\t<div class=\"elementor-widget-wrap elementor-element-populated\">\n\t\t\t\t\t\t<section class=\"elementor-section elementor-inner-section elementor-element elementor-element-8892e12 elementor-section-boxed elementor-section-height-default elementor-section-height-default\" data-id=\"8892e12\" data-element_type=\"section\" data-e-type=\"section\" data-settings=\"{&quot;background_background&quot;:&quot;classic&quot;}\">\n\t\t\t\t\t\t<div class=\"elementor-container elementor-column-gap-no\">\n\t\t\t\t\t<div class=\"elementor-column elementor-col-100 elementor-inner-column elementor-element elementor-element-c150553\" data-id=\"c150553\" data-element_type=\"column\" data-e-type=\"column\">\n\t\t\t<div class=\"elementor-widget-wrap elementor-element-populated\">\n\t\t\t\t\t\t<div class=\"elementor-element elementor-element-9ef885a elementor-widget elementor-widget-heading\" data-id=\"9ef885a\" data-element_type=\"widget\" data-e-type=\"widget\" data-widget_type=\"heading.default\">\n\t\t\t\t<div class=\"elementor-widget-container\">\n\t\t\t\t\t<h2 class=\"elementor-heading-title elementor-size-default\">de ziel van de Indiase smaak<\/h2>\t\t\t\t<\/div>\n\t\t\t\t<\/div>\n\t\t\t\t<div class=\"elementor-element elementor-element-7d27934 elementor-widget elementor-widget-text-editor\" data-id=\"7d27934\" data-element_type=\"widget\" data-e-type=\"widget\" data-widget_type=\"text-editor.default\">\n\t\t\t\t<div class=\"elementor-widget-container\">\n\t\t\t\t\t\t\t\t\t<p>Bij Indian Flavour vormt ons team de kern van alles wat we doen. Van onze ervaren Indiase chefs \u2013 die generaties aan culinaire kennis in de keuken brengen \u2013 tot ons vriendelijke personeel dat ervoor zorgt dat elke gast zich thuis voelt, werken we samen met \u00e9\u00e9n doel: een onvergetelijke eetervaring bezorgen. Gepassioneerd door de Indiase keuken, gastvrijheid en service, zet ons team zich in voor uitmuntendheid, traditie en het plezier om de rijke cultuur van India te delen via eten.<\/p>\t\t\t\t\t\t\t\t<\/div>\n\t\t\t\t<\/div>\n\t\t\t\t\t<\/div>\n\t\t<\/div>\n\t\t\t\t\t<\/div>\n\t\t<\/section>\n\t\t\t\t\t<\/div>\n\t\t<\/div>\n\t\t\t\t<div class=\"elementor-column elementor-col-50 elementor-top-column elementor-element elementor-element-1382cf3\" data-id=\"1382cf3\" data-element_type=\"column\" data-e-type=\"column\">\n\t\t\t<div class=\"elementor-widget-wrap elementor-element-populated\">\n\t\t\t\t\t\t<section class=\"elementor-section elementor-inner-section elementor-element elementor-element-a747c76 elementor-section-boxed elementor-section-height-default elementor-section-height-default\" data-id=\"a747c76\" data-element_type=\"section\" data-e-type=\"section\">\n\t\t\t\t\t\t<div class=\"elementor-container elementor-column-gap-no\">\n\t\t\t\t\t<div class=\"elementor-column elementor-col-100 elementor-inner-column elementor-element elementor-element-b6ff249\" data-id=\"b6ff249\" data-element_type=\"column\" data-e-type=\"column\">\n\t\t\t<div class=\"elementor-widget-wrap elementor-element-populated\">\n\t\t\t\t\t\t<div class=\"elementor-element elementor-element-cd33a69 elementor-widget elementor-widget-image\" data-id=\"cd33a69\" data-element_type=\"widget\" data-e-type=\"widget\" data-widget_type=\"image.default\">\n\t\t\t\t<div class=\"elementor-widget-container\">\n\t\t\t\t\t\t\t\t\t\t\t\t\t\t\t<img decoding=\"async\" src=\"https:\/\/www.indianflavouralhaurin.com\/wp-content\/uploads\/elementor\/thumbs\/india-flavour-alhaurin-restaurant-team-r797tlesynx6d7ykmbv1ospyndsa7i08kfk329fqiw.jpg\" title=\"india-flavour-alhaurin-restaurant-team\" alt=\"india-flavour-alhaurin-restaurant-team\" loading=\"lazy\" \/>\t\t\t\t\t\t\t\t\t\t\t\t\t\t\t<\/div>\n\t\t\t\t<\/div>\n\t\t\t\t\t<\/div>\n\t\t<\/div>\n\t\t\t\t\t<\/div>\n\t\t<\/section>\n\t\t\t\t\t<\/div>\n\t\t<\/div>\n\t\t\t\t\t<\/div>\n\t\t<\/section>\n\t\t\t\t<\/div>","protected":false},"excerpt":{"rendered":"<p>ABOUT US Our Story Over 15 years of passion in authentic Indian cuisine At Indian Flavour, we\u2019ve spent over 15 years sharing the true taste of authentic Indian cuisine in a warm and welcoming atmosphere. Our Indian restaurant was born from the desire to bring traditional flavors to the table \u2014 with homemade recipes, natural [&hellip;]<\/p>\n","protected":false},"author":1,"featured_media":0,"parent":0,"menu_order":0,"comment_status":"closed","ping_status":"closed","template":"","meta":{"_joinchat":[],"footnotes":""},"class_list":["post-2023","page","type-page","status-publish","hentry"],"_links":{"self":[{"href":"https:\/\/www.indianflavouralhaurin.com\/nl\/wp-json\/wp\/v2\/pages\/2023","targetHints":{"allow":["GET"]}}],"collection":[{"href":"https:\/\/www.indianflavouralhaurin.com\/nl\/wp-json\/wp\/v2\/pages"}],"about":[{"href":"https:\/\/www.indianflavouralhaurin.com\/nl\/wp-json\/wp\/v2\/types\/page"}],"author":[{"embeddable":true,"href":"https:\/\/www.indianflavouralhaurin.com\/nl\/wp-json\/wp\/v2\/users\/1"}],"replies":[{"embeddable":true,"href":"https:\/\/www.indianflavouralhaurin.com\/nl\/wp-json\/wp\/v2\/comments?post=2023"}],"version-history":[{"count":34,"href":"https:\/\/www.indianflavouralhaurin.com\/nl\/wp-json\/wp\/v2\/pages\/2023\/revisions"}],"predecessor-version":[{"id":2293,"href":"https:\/\/www.indianflavouralhaurin.com\/nl\/wp-json\/wp\/v2\/pages\/2023\/revisions\/2293"}],"wp:attachment":[{"href":"https:\/\/www.indianflavouralhaurin.com\/nl\/wp-json\/wp\/v2\/media?parent=2023"}],"curies":[{"name":"wp","href":"https:\/\/api.w.org\/{rel}","templated":true}]}}