{"id":2023,"date":"2025-07-07T13:46:59","date_gmt":"2025-07-07T13:46:59","guid":{"rendered":"https:\/\/indianflavouralhaurin.com\/?page_id=2023"},"modified":"2025-12-14T09:11:40","modified_gmt":"2025-12-14T08:11:40","slug":"about-us-indian-flavour","status":"publish","type":"page","link":"https:\/\/www.indianflavouralhaurin.com\/es\/about-us-indian-flavour\/","title":{"rendered":"Sobre nosotros Sabor indio"},"content":{"rendered":"<div data-elementor-type=\"wp-page\" data-elementor-id=\"2023\" class=\"elementor elementor-2023\" data-elementor-post-type=\"page\">\n\t\t\t\t\t\t<section class=\"elementor-section elementor-top-section elementor-element elementor-element-41acfff elementor-section-height-min-height elementor-section-boxed elementor-section-height-default elementor-section-items-middle\" data-id=\"41acfff\" data-element_type=\"section\" data-e-type=\"section\" data-settings=\"{&quot;background_background&quot;:&quot;classic&quot;}\">\n\t\t\t\t\t\t\t<div class=\"elementor-background-overlay\"><\/div>\n\t\t\t\t\t\t\t<div class=\"elementor-container elementor-column-gap-default\">\n\t\t\t\t\t<div class=\"elementor-column elementor-col-100 elementor-top-column elementor-element elementor-element-c78901e\" data-id=\"c78901e\" data-element_type=\"column\" data-e-type=\"column\">\n\t\t\t<div class=\"elementor-widget-wrap elementor-element-populated\">\n\t\t\t\t\t\t<div class=\"elementor-element elementor-element-9a043be elementor-widget elementor-widget-heading\" data-id=\"9a043be\" data-element_type=\"widget\" data-e-type=\"widget\" data-widget_type=\"heading.default\">\n\t\t\t\t<div class=\"elementor-widget-container\">\n\t\t\t\t\t<h2 class=\"elementor-heading-title elementor-size-default\">Sobre Nosotros<\/h2>\t\t\t\t<\/div>\n\t\t\t\t<\/div>\n\t\t\t\t\t<\/div>\n\t\t<\/div>\n\t\t\t\t\t<\/div>\n\t\t<\/section>\n\t\t\t\t<section class=\"elementor-section elementor-top-section elementor-element elementor-element-6dc57ac elementor-section-boxed elementor-section-height-default elementor-section-height-default\" data-id=\"6dc57ac\" data-element_type=\"section\" data-e-type=\"section\">\n\t\t\t\t\t\t<div class=\"elementor-container elementor-column-gap-default\">\n\t\t\t\t\t<div class=\"elementor-column elementor-col-50 elementor-top-column elementor-element elementor-element-1551f42\" data-id=\"1551f42\" data-element_type=\"column\" data-e-type=\"column\">\n\t\t\t<div class=\"elementor-widget-wrap elementor-element-populated\">\n\t\t\t\t\t\t<div class=\"elementor-element elementor-element-36bc61e elementor-widget elementor-widget-heading\" data-id=\"36bc61e\" data-element_type=\"widget\" data-e-type=\"widget\" data-widget_type=\"heading.default\">\n\t\t\t\t<div class=\"elementor-widget-container\">\n\t\t\t\t\t<h5 class=\"elementor-heading-title elementor-size-default\">Nuestra historia<\/h5>\t\t\t\t<\/div>\n\t\t\t\t<\/div>\n\t\t\t\t<div class=\"elementor-element elementor-element-15b72a59 elementor-widget elementor-widget-heading\" data-id=\"15b72a59\" data-element_type=\"widget\" data-e-type=\"widget\" data-widget_type=\"heading.default\">\n\t\t\t\t<div class=\"elementor-widget-container\">\n\t\t\t\t\t<h2 class=\"elementor-heading-title elementor-size-default\">M\u00e1s de 15 a\u00f1os de pasi\u00f3n por la aut\u00e9ntica cocina india.<\/h2>\t\t\t\t<\/div>\n\t\t\t\t<\/div>\n\t\t\t\t<div class=\"elementor-element elementor-element-2749a475 animated-slow elementor-invisible elementor-widget elementor-widget-image\" data-id=\"2749a475\" data-element_type=\"widget\" data-e-type=\"widget\" data-settings=\"{&quot;_animation&quot;:&quot;fadeIn&quot;}\" data-widget_type=\"image.default\">\n\t\t\t\t<div class=\"elementor-widget-container\">\n\t\t\t\t\t\t\t\t\t\t\t\t\t\t\t<img decoding=\"async\" src=\"https:\/\/www.indianflavouralhaurin.com\/wp-content\/uploads\/elementor\/thumbs\/IMG_8099-scaled-r6uz4hl7p7re64yoxsbpjk8bfp7xc6ycue68zxcl7c.jpg\" title=\"Imagen_8099\" alt=\"Imagen_8099\" class=\"elementor-animation-float\" loading=\"lazy\" \/>\t\t\t\t\t\t\t\t\t\t\t\t\t\t\t<\/div>\n\t\t\t\t<\/div>\n\t\t\t\t<section class=\"elementor-section elementor-inner-section elementor-element elementor-element-5231f753 elementor-section-content-middle elementor-section-boxed elementor-section-height-default elementor-section-height-default\" data-id=\"5231f753\" data-element_type=\"section\" data-e-type=\"section\">\n\t\t\t\t\t\t<div class=\"elementor-container elementor-column-gap-no\">\n\t\t\t\t\t<div class=\"elementor-column elementor-col-100 elementor-inner-column elementor-element elementor-element-d07e390\" data-id=\"d07e390\" data-element_type=\"column\" data-e-type=\"column\">\n\t\t\t<div class=\"elementor-widget-wrap elementor-element-populated\">\n\t\t\t\t\t\t<div class=\"elementor-element elementor-element-c8a9f24 elementor-widget elementor-widget-text-editor\" data-id=\"c8a9f24\" data-element_type=\"widget\" data-e-type=\"widget\" data-widget_type=\"text-editor.default\">\n\t\t\t\t<div class=\"elementor-widget-container\">\n\t\t\t\t\t\t\t\t\t<p data-start=\"214\" data-end=\"582\">En Indian Flavour, llevamos m\u00e1s de 15 a\u00f1os compartiendo el aut\u00e9ntico sabor de la cocina india en un ambiente c\u00e1lido y acogedor. Nuestro restaurante indio naci\u00f3 del deseo de llevar sabores tradicionales a la mesa, con recetas caseras, especias naturales y la profunda y rica personalidad que define la herencia culinaria del norte y el sur de la India.<\/p><p data-start=\"584\" data-end=\"976\">Cada plato en Indian Flavour est\u00e1 inspirado en nuestras ra\u00edces. Desde curris arom\u00e1ticos hasta especialidades tandoori cocinadas a fuego lento, nuestro objetivo es que cada bocado sea un viaje directo al coraz\u00f3n de la India. Ya sea que disfrute de una cena rom\u00e1ntica, una comida con amigos o una celebraci\u00f3n especial, nuestro equipo se dedica a ofrecer una experiencia gastron\u00f3mica \u00fanica llena de tradici\u00f3n, sabor y genuina hospitalidad.<\/p><p data-start=\"978\" data-end=\"1239\">Con los a\u00f1os, nos hemos convertido en un destino de confianza para los amantes de la comida india, gracias a la fidelidad de nuestros clientes y a nuestro compromiso diario con la calidad. Si buscas un lugar para disfrutar de aut\u00e9ntica comida india, Indian Flavour es tu sitio ideal.<\/p><p data-start=\"1241\" data-end=\"1342\">Gracias por ser parte de este viaje, lleno de aromas, especias y un profundo amor por la buena comida.<\/p>\t\t\t\t\t\t\t\t<\/div>\n\t\t\t\t<\/div>\n\t\t\t\t\t<\/div>\n\t\t<\/div>\n\t\t\t\t\t<\/div>\n\t\t<\/section>\n\t\t\t\t\t<\/div>\n\t\t<\/div>\n\t\t\t\t<div class=\"elementor-column elementor-col-50 elementor-top-column elementor-element elementor-element-585bfff2\" data-id=\"585bfff2\" data-element_type=\"column\" data-e-type=\"column\">\n\t\t\t<div class=\"elementor-widget-wrap elementor-element-populated\">\n\t\t\t\t\t\t<section class=\"elementor-section elementor-inner-section elementor-element elementor-element-6f2a07a0 elementor-section-boxed elementor-section-height-default elementor-section-height-default\" data-id=\"6f2a07a0\" data-element_type=\"section\" data-e-type=\"section\">\n\t\t\t\t\t\t<div class=\"elementor-container elementor-column-gap-no\">\n\t\t\t\t\t<div class=\"elementor-column elementor-col-100 elementor-inner-column elementor-element elementor-element-37693f64\" data-id=\"37693f64\" data-element_type=\"column\" data-e-type=\"column\">\n\t\t\t<div class=\"elementor-widget-wrap elementor-element-populated\">\n\t\t\t\t\t\t<div class=\"elementor-element elementor-element-d749152 elementor-widget elementor-widget-text-editor\" data-id=\"d749152\" data-element_type=\"widget\" data-e-type=\"widget\" data-widget_type=\"text-editor.default\">\n\t\t\t\t<div class=\"elementor-widget-container\">\n\t\t\t\t\t\t\t\t\t<p>En nuestro restaurante ofrecemos un men\u00fa variado de aperitivos, almuerzos y cenas, disponibles todos los d\u00edas.<\/p>\t\t\t\t\t\t\t\t<\/div>\n\t\t\t\t<\/div>\n\t\t\t\t<div class=\"elementor-element elementor-element-70b274bc elementor-widget elementor-widget-text-editor\" data-id=\"70b274bc\" data-element_type=\"widget\" data-e-type=\"widget\" data-widget_type=\"text-editor.default\">\n\t\t\t\t<div class=\"elementor-widget-container\">\n\t\t\t\t\t\t\t\t\t<p>Nacido del amor por la aut\u00e9ntica cocina india, nuestro restaurante abri\u00f3 sus puertas hace m\u00e1s de 15 a\u00f1os con un \u00fanico prop\u00f3sito: compartir los sabores tradicionales de la India con el mundo. Inspirados en recetas familiares y especias tra\u00eddas directamente del coraz\u00f3n del pa\u00eds, hemos creado un espacio donde cada plato cuenta una historia. Hoy, seguimos cocinando con la misma pasi\u00f3n, respeto por la tradici\u00f3n y el deseo de ofrecer a cada comensal una experiencia gastron\u00f3mica verdaderamente \u00fanica.<\/p>\t\t\t\t\t\t\t\t<\/div>\n\t\t\t\t<\/div>\n\t\t\t\t\t<\/div>\n\t\t<\/div>\n\t\t\t\t\t<\/div>\n\t\t<\/section>\n\t\t\t\t<div class=\"elementor-element elementor-element-3adca459 animated-slow elementor-invisible elementor-widget elementor-widget-image\" data-id=\"3adca459\" data-element_type=\"widget\" data-e-type=\"widget\" data-settings=\"{&quot;_animation&quot;:&quot;fadeIn&quot;,&quot;_animation_delay&quot;:800}\" data-widget_type=\"image.default\">\n\t\t\t\t<div class=\"elementor-widget-container\">\n\t\t\t\t\t\t\t\t\t\t\t\t\t\t\t<img decoding=\"async\" src=\"https:\/\/www.indianflavouralhaurin.com\/wp-content\/uploads\/elementor\/thumbs\/IMG-20250516-WA0037-r8esr62m7wz3paqmhc26ujzjvzfxww62n5objabb3s.jpg\" title=\"IMG-20250516-WA0037\" alt=\"IMG-20250516-WA0037\" class=\"elementor-animation-float\" loading=\"lazy\" \/>\t\t\t\t\t\t\t\t\t\t\t\t\t\t\t<\/div>\n\t\t\t\t<\/div>\n\t\t\t\t\t<\/div>\n\t\t<\/div>\n\t\t\t\t\t<\/div>\n\t\t<\/section>\n\t\t\t\t<section class=\"elementor-section elementor-top-section elementor-element elementor-element-4bd7dca elementor-section-full_width elementor-section-content-middle elementor-section-height-default elementor-section-height-default\" data-id=\"4bd7dca\" data-element_type=\"section\" data-e-type=\"section\" data-settings=\"{&quot;background_background&quot;:&quot;classic&quot;}\">\n\t\t\t\t\t\t\t<div class=\"elementor-background-overlay\"><\/div>\n\t\t\t\t\t\t\t<div class=\"elementor-container elementor-column-gap-default\">\n\t\t\t\t\t<div class=\"elementor-column elementor-col-100 elementor-top-column elementor-element elementor-element-0260612\" data-id=\"0260612\" data-element_type=\"column\" data-e-type=\"column\" data-settings=\"{&quot;background_background&quot;:&quot;classic&quot;}\">\n\t\t\t<div class=\"elementor-widget-wrap elementor-element-populated\">\n\t\t\t\t\t<div class=\"elementor-background-overlay\"><\/div>\n\t\t\t\t\t\t<div class=\"elementor-element elementor-element-61c679c e-transform elementor-view-default elementor-invisible elementor-widget elementor-widget-icon\" data-id=\"61c679c\" data-element_type=\"widget\" data-e-type=\"widget\" data-settings=\"{&quot;_transform_rotateZ_effect&quot;:{&quot;unit&quot;:&quot;px&quot;,&quot;size&quot;:180,&quot;sizes&quot;:[]},&quot;_animation&quot;:&quot;fadeInUp&quot;,&quot;_transform_rotateZ_effect_tablet&quot;:{&quot;unit&quot;:&quot;deg&quot;,&quot;size&quot;:&quot;&quot;,&quot;sizes&quot;:[]},&quot;_transform_rotateZ_effect_mobile&quot;:{&quot;unit&quot;:&quot;deg&quot;,&quot;size&quot;:&quot;&quot;,&quot;sizes&quot;:[]}}\" data-widget_type=\"icon.default\">\n\t\t\t\t<div class=\"elementor-widget-container\">\n\t\t\t\t\t\t\t<div class=\"elementor-icon-wrapper\">\n\t\t\t<div class=\"elementor-icon\">\n\t\t\t<i aria-hidden=\"true\" class=\"icon icon-quote\"><\/i>\t\t\t<\/div>\n\t\t<\/div>\n\t\t\t\t\t\t<\/div>\n\t\t\t\t<\/div>\n\t\t\t\t<div class=\"elementor-element elementor-element-d1e4800 elementor-widget elementor-widget-heading\" data-id=\"d1e4800\" data-element_type=\"widget\" data-e-type=\"widget\" data-widget_type=\"heading.default\">\n\t\t\t\t<div class=\"elementor-widget-container\">\n\t\t\t\t\t<h2 class=\"elementor-heading-title elementor-size-default\">La comida s\u00e1ttvica promueve la longevidad, la virtud y la claridad mental.<\/h2>\t\t\t\t<\/div>\n\t\t\t\t<\/div>\n\t\t\t\t<div class=\"elementor-element elementor-element-6e63074 elementor-widget elementor-widget-heading\" data-id=\"6e63074\" data-element_type=\"widget\" data-e-type=\"widget\" data-widget_type=\"heading.default\">\n\t\t\t\t<div class=\"elementor-widget-container\">\n\t\t\t\t\t<h2 class=\"elementor-heading-title elementor-size-default\">Proverbio hind\u00fa<\/h2>\t\t\t\t<\/div>\n\t\t\t\t<\/div>\n\t\t\t\t<div class=\"elementor-element elementor-element-9ef6ad3 elementor-align-center elementor-widget elementor-widget-elementskit-button\" data-id=\"9ef6ad3\" data-element_type=\"widget\" data-e-type=\"widget\" data-widget_type=\"elementskit-button.default\">\n\t\t\t\t<div class=\"elementor-widget-container\">\n\t\t\t\t\t<div class=\"ekit-wid-con\" >\t\t<div class=\"ekit-btn-wraper\">\n\t\t\t\t\t\t\t<a href=\"https:\/\/reservation.dish.co\/widget\/hydra-af936465-e3b2-4a19-b4e1-057813e70f80\" class=\"elementskit-btn  whitespace--normal\" id=\"\" target=\"_blank\" rel=\"noopener\">\n\t\t\t\t\tReserva mesa<i class=\"icon icon-minus\"><\/i>\t\t\t\t<\/a>\n\t\t\t\t\t<\/div>\n        <\/div>\t\t\t\t<\/div>\n\t\t\t\t<\/div>\n\t\t\t\t\t<\/div>\n\t\t<\/div>\n\t\t\t\t\t<\/div>\n\t\t<\/section>\n\t\t\t\t<section class=\"elementor-section elementor-top-section elementor-element elementor-element-2960dd97 elementor-section-boxed elementor-section-height-default elementor-section-height-default\" data-id=\"2960dd97\" data-element_type=\"section\" data-e-type=\"section\">\n\t\t\t\t\t\t<div class=\"elementor-container elementor-column-gap-default\">\n\t\t\t\t\t<div class=\"elementor-column elementor-col-50 elementor-top-column elementor-element elementor-element-2fd6150\" data-id=\"2fd6150\" data-element_type=\"column\" data-e-type=\"column\">\n\t\t\t<div class=\"elementor-widget-wrap elementor-element-populated\">\n\t\t\t\t\t\t<section class=\"elementor-section elementor-inner-section elementor-element elementor-element-8892e12 elementor-section-boxed elementor-section-height-default elementor-section-height-default\" data-id=\"8892e12\" data-element_type=\"section\" data-e-type=\"section\" data-settings=\"{&quot;background_background&quot;:&quot;classic&quot;}\">\n\t\t\t\t\t\t<div class=\"elementor-container elementor-column-gap-no\">\n\t\t\t\t\t<div class=\"elementor-column elementor-col-100 elementor-inner-column elementor-element elementor-element-c150553\" data-id=\"c150553\" data-element_type=\"column\" data-e-type=\"column\">\n\t\t\t<div class=\"elementor-widget-wrap elementor-element-populated\">\n\t\t\t\t\t\t<div class=\"elementor-element elementor-element-9ef885a elementor-widget elementor-widget-heading\" data-id=\"9ef885a\" data-element_type=\"widget\" data-e-type=\"widget\" data-widget_type=\"heading.default\">\n\t\t\t\t<div class=\"elementor-widget-container\">\n\t\t\t\t\t<h2 class=\"elementor-heading-title elementor-size-default\">el alma de Indian Flavour<\/h2>\t\t\t\t<\/div>\n\t\t\t\t<\/div>\n\t\t\t\t<div class=\"elementor-element elementor-element-7d27934 elementor-widget elementor-widget-text-editor\" data-id=\"7d27934\" data-element_type=\"widget\" data-e-type=\"widget\" data-widget_type=\"text-editor.default\">\n\t\t\t\t<div class=\"elementor-widget-container\">\n\t\t\t\t\t\t\t\t\t<p>En Indian Flavour, nuestro equipo es el coraz\u00f3n de todo lo que hacemos. Desde nuestros experimentados chefs indios, que aportan generaciones de conocimiento culinario a la cocina, hasta nuestro amable personal de recepci\u00f3n, que se asegura de que cada comensal se sienta como en casa, trabajamos juntos con un solo objetivo: ofrecer una experiencia gastron\u00f3mica inolvidable. Apasionados por la cocina india, la hospitalidad y el servicio, nuestro equipo est\u00e1 comprometido con la excelencia, la tradici\u00f3n y la alegr\u00eda de compartir la rica cultura de la India a trav\u00e9s de la gastronom\u00eda.<\/p>\t\t\t\t\t\t\t\t<\/div>\n\t\t\t\t<\/div>\n\t\t\t\t\t<\/div>\n\t\t<\/div>\n\t\t\t\t\t<\/div>\n\t\t<\/section>\n\t\t\t\t\t<\/div>\n\t\t<\/div>\n\t\t\t\t<div class=\"elementor-column elementor-col-50 elementor-top-column elementor-element elementor-element-1382cf3\" data-id=\"1382cf3\" data-element_type=\"column\" data-e-type=\"column\">\n\t\t\t<div class=\"elementor-widget-wrap elementor-element-populated\">\n\t\t\t\t\t\t<section class=\"elementor-section elementor-inner-section elementor-element elementor-element-a747c76 elementor-section-boxed elementor-section-height-default elementor-section-height-default\" data-id=\"a747c76\" data-element_type=\"section\" data-e-type=\"section\">\n\t\t\t\t\t\t<div class=\"elementor-container elementor-column-gap-no\">\n\t\t\t\t\t<div class=\"elementor-column elementor-col-100 elementor-inner-column elementor-element elementor-element-b6ff249\" data-id=\"b6ff249\" data-element_type=\"column\" data-e-type=\"column\">\n\t\t\t<div class=\"elementor-widget-wrap elementor-element-populated\">\n\t\t\t\t\t\t<div class=\"elementor-element elementor-element-cd33a69 elementor-widget elementor-widget-image\" data-id=\"cd33a69\" data-element_type=\"widget\" data-e-type=\"widget\" data-widget_type=\"image.default\">\n\t\t\t\t<div class=\"elementor-widget-container\">\n\t\t\t\t\t\t\t\t\t\t\t\t\t\t\t<img decoding=\"async\" src=\"https:\/\/www.indianflavouralhaurin.com\/wp-content\/uploads\/elementor\/thumbs\/india-flavour-alhaurin-restaurant-team-r797tlesynx6d7ykmbv1ospyndsa7i08kfk329fqiw.jpg\" title=\"Equipo del restaurante Alhaur\u00edn, sabor a India\" alt=\"Equipo del restaurante Alhaur\u00edn, sabor a India\" loading=\"lazy\" \/>\t\t\t\t\t\t\t\t\t\t\t\t\t\t\t<\/div>\n\t\t\t\t<\/div>\n\t\t\t\t\t<\/div>\n\t\t<\/div>\n\t\t\t\t\t<\/div>\n\t\t<\/section>\n\t\t\t\t\t<\/div>\n\t\t<\/div>\n\t\t\t\t\t<\/div>\n\t\t<\/section>\n\t\t\t\t<\/div>","protected":false},"excerpt":{"rendered":"<p>ABOUT US Our Story Over 15 years of passion in authentic Indian cuisine At Indian Flavour, we\u2019ve spent over 15 years sharing the true taste of authentic Indian cuisine in a warm and welcoming atmosphere. Our Indian restaurant was born from the desire to bring traditional flavors to the table \u2014 with homemade recipes, natural [&hellip;]<\/p>\n","protected":false},"author":1,"featured_media":0,"parent":0,"menu_order":0,"comment_status":"closed","ping_status":"closed","template":"","meta":{"_joinchat":[],"footnotes":""},"class_list":["post-2023","page","type-page","status-publish","hentry"],"_links":{"self":[{"href":"https:\/\/www.indianflavouralhaurin.com\/es\/wp-json\/wp\/v2\/pages\/2023","targetHints":{"allow":["GET"]}}],"collection":[{"href":"https:\/\/www.indianflavouralhaurin.com\/es\/wp-json\/wp\/v2\/pages"}],"about":[{"href":"https:\/\/www.indianflavouralhaurin.com\/es\/wp-json\/wp\/v2\/types\/page"}],"author":[{"embeddable":true,"href":"https:\/\/www.indianflavouralhaurin.com\/es\/wp-json\/wp\/v2\/users\/1"}],"replies":[{"embeddable":true,"href":"https:\/\/www.indianflavouralhaurin.com\/es\/wp-json\/wp\/v2\/comments?post=2023"}],"version-history":[{"count":34,"href":"https:\/\/www.indianflavouralhaurin.com\/es\/wp-json\/wp\/v2\/pages\/2023\/revisions"}],"predecessor-version":[{"id":2293,"href":"https:\/\/www.indianflavouralhaurin.com\/es\/wp-json\/wp\/v2\/pages\/2023\/revisions\/2293"}],"wp:attachment":[{"href":"https:\/\/www.indianflavouralhaurin.com\/es\/wp-json\/wp\/v2\/media?parent=2023"}],"curies":[{"name":"gracias","href":"https:\/\/api.w.org\/{rel}","templated":true}]}}